{"id":12250,"date":"2016-06-27T18:50:41","date_gmt":"2016-06-27T16:50:41","guid":{"rendered":"http:\/\/denkmalpflege-lipsdorf.de\/?page_id=12250"},"modified":"2023-10-12T17:33:56","modified_gmt":"2023-10-12T15:33:56","slug":"internationale-partner","status":"publish","type":"page","link":"http:\/\/denkmalpflege-lipsdorf.de\/index.php\/internationale-partner\/","title":{"rendered":"Internationale Partner"},"content":{"rendered":"<h3><div class=\"fusion-one-third one_third fusion-layout-column fusion-spacing-yes\" style=\"margin-top:0px;margin-bottom:20px;\"><div class=\"fusion-column-wrapper\"><span class=\"fusion-imageframe imageframe-none imageframe-1 hover-type-none\"> <img decoding=\"async\" loading=\"lazy\" class=\"img-responsive \" src=\"http:\/\/denkmalpflege-lipsdorf.de\/wp-content\/uploads\/2016\/06\/logo-main.png\" alt=\"\" width=\"107\" height=\"154\" \/><\/span><div class=\"fusion-clearfix\"><\/div><\/div><\/div><div class=\"fusion-two-third fusion-layout-column fusion-column-last fusion-spacing-yes\" style=\"margin-top:0px;margin-bottom:20px;\"><div class=\"fusion-column-wrapper\"><p>Das <em>B\u00fcro f\u00fcr Arch\u00e4ologie und Baudenkmalpflege Lipsdorf<\/em> und die <em>Staatliche Universit\u00e4t Kursk (KSU)<\/em> haben \u00a0ein Abkommen zur Partnerschaft und Zusammenarbeit auf dem Gebiet der wissenschaftlichen und praktischen Denkmalpflege unterzeichnet. Der Rektor der Staatlichen Universit\u00e4t Kursk, Herr Professor Viacheslav V. Gvodzdev und der GF Herr J. Lipsdorf unterschrieben die Vereinbarung auf dem Areal der historischen Siedlung Ratzk.<\/h3>\n<h3>Herr Lipsdorf weilte aufgrund einer Einladung des Rektors der KSU mehrfach in Kursk und f\u00fchrte mit dem Vizerektor f\u00fcr Forschung, PhD\u00a0\u00a0Sergey P. Loginov sowie dem Arch\u00e4ologen Prof. Wladimir W. Enukov intensive Gespr\u00e4che \u00fcber die M\u00f6glichkeiten der Zusammenarbeit von deutschen und russischen Denkmalpflegern. Dabei wurden verschiedene historisch bedeutende Orte besucht, die in n\u00e4chster Zeit weiter erforscht werden sollen.<br \/>Prim\u00e4re Themen waren u. a. die Organisation und Durchf\u00fchrung von arch\u00e4ologischen und baudenkmalpflegerischen Untersuchungen sowie die wissenschaftliche Aufarbeitung von Forschungsergebnissen.<\/h3>\n<h3>Die Kontakte sind im Rahmen der Partnerschaft zwischen dem Kreis Spree- Nei\u00dfe und Kursk zustande gekommen. Wissenschaft und Kultur bilden wichtige S\u00e4ulen im Verst\u00e4ndnis der V\u00f6lker f\u00fcreinander und dem Leben miteinander.<\/p>\n<div class=\"fusion-clearfix\"><\/div><\/div><\/div><div class=\"fusion-clearfix\"><\/div><div class=\"fusion-two-third fusion-layout-column fusion-column-last fusion-spacing-yes\" style=\"margin-top:0px;margin-bottom:20px;\"><div class=\"fusion-column-wrapper\"><div class=\"fusion-clearfix\"><\/div><\/div><\/div><div class=\"fusion-clearfix\"><\/div><\/h3>\n<p>\u00a0<\/p>\n<p>\u00a0<\/p>\n<p>\u00a0<\/p>\n<p>\u00a0<\/p>\n\n\n<figure class=\"wp-block-image size-large\"><a href=\"http:\/\/denkmalpflege-lipsdorf.de\/wp-content\/uploads\/2022\/03\/Wbsite-scaled.jpg\"><img decoding=\"async\" loading=\"lazy\" width=\"724\" height=\"1024\" src=\"http:\/\/denkmalpflege-lipsdorf.de\/wp-content\/uploads\/2022\/03\/Wbsite-724x1024.jpg\" alt=\"\" class=\"wp-image-12294\" srcset=\"http:\/\/denkmalpflege-lipsdorf.de\/wp-content\/uploads\/2022\/03\/Wbsite-724x1024.jpg 724w, http:\/\/denkmalpflege-lipsdorf.de\/wp-content\/uploads\/2022\/03\/Wbsite-212x300.jpg 212w, http:\/\/denkmalpflege-lipsdorf.de\/wp-content\/uploads\/2022\/03\/Wbsite-768x1086.jpg 768w, http:\/\/denkmalpflege-lipsdorf.de\/wp-content\/uploads\/2022\/03\/Wbsite-1086x1536.jpg 1086w, http:\/\/denkmalpflege-lipsdorf.de\/wp-content\/uploads\/2022\/03\/Wbsite-1448x2048.jpg 1448w, http:\/\/denkmalpflege-lipsdorf.de\/wp-content\/uploads\/2022\/03\/Wbsite-scaled.jpg 1810w\" sizes=\"(max-width: 724px) 100vw, 724px\" \/><\/a><\/figure>\n\n\n\n<p><\/p>","protected":false},"excerpt":{"rendered":"<p>\u00a0 \u00a0 \u00a0 \u00a0<\/p>\n","protected":false},"author":1,"featured_media":0,"parent":0,"menu_order":4,"comment_status":"closed","ping_status":"closed","template":"","meta":[],"_links":{"self":[{"href":"http:\/\/denkmalpflege-lipsdorf.de\/index.php\/wp-json\/wp\/v2\/pages\/12250"}],"collection":[{"href":"http:\/\/denkmalpflege-lipsdorf.de\/index.php\/wp-json\/wp\/v2\/pages"}],"about":[{"href":"http:\/\/denkmalpflege-lipsdorf.de\/index.php\/wp-json\/wp\/v2\/types\/page"}],"author":[{"embeddable":true,"href":"http:\/\/denkmalpflege-lipsdorf.de\/index.php\/wp-json\/wp\/v2\/users\/1"}],"replies":[{"embeddable":true,"href":"http:\/\/denkmalpflege-lipsdorf.de\/index.php\/wp-json\/wp\/v2\/comments?post=12250"}],"version-history":[{"count":15,"href":"http:\/\/denkmalpflege-lipsdorf.de\/index.php\/wp-json\/wp\/v2\/pages\/12250\/revisions"}],"predecessor-version":[{"id":12324,"href":"http:\/\/denkmalpflege-lipsdorf.de\/index.php\/wp-json\/wp\/v2\/pages\/12250\/revisions\/12324"}],"wp:attachment":[{"href":"http:\/\/denkmalpflege-lipsdorf.de\/index.php\/wp-json\/wp\/v2\/media?parent=12250"}],"curies":[{"name":"wp","href":"https:\/\/api.w.org\/{rel}","templated":true}]}}