{"id":12167,"date":"2016-02-01T18:00:55","date_gmt":"2016-02-01T17:00:55","guid":{"rendered":"http:\/\/denkmalpflege-lipsdorf.de\/?page_id=12167"},"modified":"2018-05-28T21:50:51","modified_gmt":"2018-05-28T19:50:51","slug":"impressum","status":"publish","type":"page","link":"http:\/\/denkmalpflege-lipsdorf.de\/index.php\/impressum\/","title":{"rendered":"Impressum"},"content":{"rendered":"<div class=\"fusion-one-third one_third fusion-layout-column fusion-spacing-yes\" style=\"margin-top:0px;margin-bottom:20px;\"><div class=\"fusion-column-wrapper\"><span class=\"fusion-imageframe imageframe-none imageframe-1 hover-type-none\"> <img decoding=\"async\" src=\"http:\/\/denkmalpflege-lipsdorf.de\/wp-content\/uploads\/2015\/12\/Haus-2-300x212.jpg\" alt=\"\" class=\"img-responsive\"\/><\/span><div class=\"fusion-clearfix\"><\/div><\/div><\/div><div class=\"fusion-two-third fusion-layout-column fusion-column-last fusion-spacing-yes\" style=\"margin-top:0px;margin-bottom:20px;\"><div class=\"fusion-column-wrapper\"><h3>Kontaktdaten und Angaben gem\u00e4\u00df \u00a7 5 TMG:<\/h3>\n<h3>B\u00fcro f\u00fcr Arch\u00e4ologie und Baudenkmalpflege<\/h3>\n<h3>Jens Lipsdorf<\/h3>\n<h3>Parkstr. 3<\/h3>\n<h3>03042 Cottbus<\/h3>\n<h3>Telefon: 0171 -7873124<\/h3>\n<h3>E-Mail: Kontakt (at) denkmalpflege-lipsdorf.de<\/h3>\n<h4>USt.-ID: \u00a0\u00a0DE 219613259<\/h4>\n<p>&nbsp;<\/p>\n<p>&nbsp;<\/p>\n<p class=\"blockKopfText\"><span style=\"color: #808080;\">Haftungshinweis f\u00fcr Inhalte:<\/span><br \/>\n<span style=\"color: #808080;\">Die Inhalte der Seiten wurde sorgf\u00e4ltig erstellt. F\u00fcr ihre Richtigkeit, Vollst\u00e4ndigkeit und Aktualit\u00e4t kann aber keine Gew\u00e4hr \u00fcbernommen werden. Bei Bekanntwerden von Rechtsverletzungen wird der Inhalt umgehend korrigiert. <\/span><\/p>\n<p><span style=\"color: #808080;\">Haftungshinweis f\u00fcr externe Links: <\/span><br \/>\n<span style=\"color: #808080;\">Trotz sorgf\u00e4ltiger inhaltlicher Kontrolle \u00fcbernehmen wir keine Haftung f\u00fcr die Inhalte externer <\/span><br \/>\n<span style=\"color: #808080;\">Links. F\u00fcr den Inhalt der verlinkten Seiten sind ausschlie\u00dflich deren Betreiber verantwortlich.<\/span><\/p>\n<p>&nbsp;<\/p>\n<h4 class=\"blockKopfText\"><span style=\"color: #808080;\">Datenschutzerkl\u00e4rung<\/span><\/h4>\n<p class=\"blockKopfText\"><span style=\"color: #808080;\"><strong>Geltungsbereich<\/strong><\/span><br \/>\n<span style=\"color: #808080;\">Diese Datenschutzerkl\u00e4rung kl\u00e4rt Nutzer \u00fcber die Art, den Umfang und Zwecke der Erhebung und Verwendung personenbezogener Daten durch den verantwortlichen, Uli Bauer | archaeologische-baubegleitung.de, (im folgenden &#8222;Anbieter&#8220;) auf dieser Website (im folgenden &#8222;Angebot&#8220;) auf. Die rechtlichen Grundlagen des Datenschutzes finden sich im Bundesdatenschutzgesetz (BDSG) und dem Telemediengesetz (TMG). <\/span><\/p>\n<p><span style=\"color: #808080;\"><strong>Zugriffsdaten \/ Server-Logfiles<\/strong><\/span><br \/>\n<span style=\"color: #808080;\">Der Internet-Provider der Anbieterin erhebt automatisch Daten \u00fcber jeden Zugriff auf dieses Angebot und speichert diese als sogenannte &#8222;Server-Logfiles&#8220; ab. Folgende Informationen werden dabei ohne Ihr Zutun protokolliert und bis zur automatisierten L\u00f6schung gespeichert: Von welcher Seite wurde die Datei angefordert, Name der abgerufenen Datei, Datum und Uhrzeit der Anforderung, IP des anfragenden Rechners, Typ und Version des verwendeten Webbrowsers und Betriebssystems. Die erhobenen Daten dienen der statistischen Auswertungen, der Gew\u00e4hrleistung einer reibungslosen Nutzung der Website und zu administrativen Zwecken seitens des Internet-Providers.<\/span><br \/>\n<span style=\"color: #808080;\">Der Anbieter beh\u00e4lt sich allerdings vor, die Server-Logfiles nachtr\u00e4glich zu \u00fcberpr\u00fcfen, sollten konkrete Anhaltspunkte auf eine rechtswidrige Nutzung hinweisen. <\/span><\/p>\n<p><span style=\"color: #808080;\"><strong>Kontaktaufnahme<\/strong><\/span><br \/>\n<span style=\"color: #808080;\">Bei der Kontaktaufnahme mit denkmalpflege-lipsdorf.de werden die Angaben des Nutzers\/der Nutzerin zur Bearbeitung der Anfrage sowie f\u00fcr den Fall, dass Anschlussfragen entstehen, vor\u00fcbergehend gespeichert. Eine Weitergabe an Dritte findet nicht statt. <\/span><\/p>\n<p><span style=\"color: #808080;\"><strong>Rechte des Nutzers\/der Nutzerin: Auskunft, Berichtigung und L\u00f6schung<\/strong><\/span><br \/>\n<span style=\"color: #808080;\">Auf Antrag und unentgeltlich hat jede\/r NutzerIn das Recht Auskunft \u00fcber die personenbezogenen Daten zu erhalten, die \u00fcber ihn\/sie gespeichert wurden. Steht dem dem keine gesetzliche Aufbewahrungspflicht entgegen, hat jede\/r NutzerIn das Recht auf Korrektur unrichtiger bzw. die L\u00f6schung seiner\/ihrer personenbezogenen Daten. <\/span><br \/>\n<span style=\"color: #808080;\">\u00a0<\/span><\/p>\n<div class=\"fusion-clearfix\"><\/div><\/div><\/div><div class=\"fusion-clearfix\"><\/div>","protected":false},"excerpt":{"rendered":"","protected":false},"author":1,"featured_media":0,"parent":0,"menu_order":5,"comment_status":"closed","ping_status":"closed","template":"","meta":[],"_links":{"self":[{"href":"http:\/\/denkmalpflege-lipsdorf.de\/index.php\/wp-json\/wp\/v2\/pages\/12167"}],"collection":[{"href":"http:\/\/denkmalpflege-lipsdorf.de\/index.php\/wp-json\/wp\/v2\/pages"}],"about":[{"href":"http:\/\/denkmalpflege-lipsdorf.de\/index.php\/wp-json\/wp\/v2\/types\/page"}],"author":[{"embeddable":true,"href":"http:\/\/denkmalpflege-lipsdorf.de\/index.php\/wp-json\/wp\/v2\/users\/1"}],"replies":[{"embeddable":true,"href":"http:\/\/denkmalpflege-lipsdorf.de\/index.php\/wp-json\/wp\/v2\/comments?post=12167"}],"version-history":[{"count":8,"href":"http:\/\/denkmalpflege-lipsdorf.de\/index.php\/wp-json\/wp\/v2\/pages\/12167\/revisions"}],"predecessor-version":[{"id":12271,"href":"http:\/\/denkmalpflege-lipsdorf.de\/index.php\/wp-json\/wp\/v2\/pages\/12167\/revisions\/12271"}],"wp:attachment":[{"href":"http:\/\/denkmalpflege-lipsdorf.de\/index.php\/wp-json\/wp\/v2\/media?parent=12167"}],"curies":[{"name":"wp","href":"https:\/\/api.w.org\/{rel}","templated":true}]}}