{"id":11912,"date":"2015-12-04T14:31:16","date_gmt":"2015-12-04T13:31:16","guid":{"rendered":"http:\/\/denkmalpflege-lipsdorf.de\/?page_id=11912"},"modified":"2026-02-14T12:48:52","modified_gmt":"2026-02-14T11:48:52","slug":"wissenschaftliche-und-populaerwissenschaftliche-veroeffentlichungen","status":"publish","type":"page","link":"http:\/\/denkmalpflege-lipsdorf.de\/index.php\/wissenschaftliche-und-populaerwissenschaftliche-veroeffentlichungen\/","title":{"rendered":"Ver\u00f6ffentlichungen"},"content":{"rendered":"<div class=\"fusion-one-third one_third fusion-layout-column fusion-spacing-yes\" style=\"margin-top:0px;margin-bottom:20px;\"><div class=\"fusion-column-wrapper\"><span class=\"fusion-imageframe imageframe-none imageframe-1 hover-type-none\"> <img decoding=\"async\" src=\"http:\/\/denkmalpflege-lipsdorf.de\/wp-content\/uploads\/2016\/02\/Fredebuch.jpg\" alt=\"\" class=\"img-responsive\"\/><\/span><div class=\"fusion-clearfix\"><\/div><\/div><\/div><div class=\"fusion-two-third fusion-layout-column fusion-column-last fusion-spacing-yes\" style=\"margin-top:0px;margin-bottom:20px;\"><div class=\"fusion-column-wrapper\"><h1><span style=\"color: #808080;\">\u00a0<span style=\"color: #333399;\">Ver\u00f6ffentlichungen:<\/span><\/span><\/h1>\n<h2><span style=\"color: #333399;\">Autor, Mitherausgeber und Mitverantwortlicher f\u00fcr die redaktionelle T\u00e4tigkeit bei folgenden Publikationen:<\/span><\/h2>\n<ul>\n<li>\n<h2><span style=\"color: #333399;\">Historische Wasserbauten der Stadt Halle\/Saale. Halle\/S. 1995.<\/span><\/h2>\n<\/li>\n<li>\n<h2><span style=\"color: #333399;\">Historische Industriebauten der Stadt Halle\/Saale. Halle\/S. 1996.<\/span><\/h2>\n<\/li>\n<li>\n<h2><span style=\"color: #333399;\">Historische Bauten und Anlagen der Stadttechnik und des Verkehrs der Stadt Halle\/Saale. Halle\/S. 1997.<\/span><\/h2>\n<\/li>\n<li>\n<h2><span style=\"color: #333399;\">Hermann Frede \u2013 Ein hallescher Architekt zwischen Tradition und Moderne. Halle\/S. 1998.<\/span><\/h2>\n<\/li>\n<li>\n<h2><span style=\"color: #333399;\">500 Jahre Frauendorf. Frauendorf 2000.<\/span><\/h2>\n<\/li>\n<li>\n<h2><span style=\"color: #333399;\">Jahrb\u00fccher: \u00a0<em>Nieder<\/em>Lausitz 2020 bis 2026<\/span><\/h2>\n<\/li>\n<\/ul>\n<h2><span style=\"color: #333399;\">\u00a0<\/span><\/h2>\n<h2><span style=\"color: #333399;\">Einzelartikel:<\/span><\/h2>\n<ul>\n<li>\n<h2><span style=\"color: #333399;\">Der Wasserturm Nord. in: Historische Wasserbauten der Stadt Halle\/Saale. hrsg. Dieter Dolgner &amp; Jens Lipsdorf. Halle\/S. 1995.<\/span><\/h2>\n<\/li>\n<li>\n<h2><span style=\"color: #333399;\">Der st\u00e4dtische Schlacht- und Viehhof. in: Historische Industriebauten der Stadt Halle \/ Saale. hrsg Dolgner &amp; Lipsdorf. Halle\/S. 1996.<\/span><\/h2>\n<\/li>\n<li>\n<h2><span style=\"color: #333399;\">Ein Gr\u00e4berfeld der Buckelkeramik mit Steinkr\u00e4nzen in der Gemarkung Briesnig, Fundplatz 52. In: Ausgrabungen im Niederlausitzer Braunkohlenrevier. Arbeitsberichte zur Bodendenkmalpflege in Brandenburg 3. Pritzen 1999.<\/span><\/h2>\n<\/li>\n<li>\n<h2><span style=\"color: #333399;\">Die Luttchen vom Hornoer Berg. Das bronzezeitliche Gr\u00e4berfeld Briesnig 2. In: Ausgrabungen im Niederlausitzer Braunkohlenrevier. Arbeitsberichte zur Bodendenkmalpflege in Brandenburg 3. Pritzen 1999.<\/span><\/h2>\n<\/li>\n<li>\n<h2><span style=\"color: #333399;\">Steinkreise und Gr\u00e4ber der Lausitzer Kultur. Ein bronzezeitlicher Bestattungsplatz bei Briesnig, Landkreis Spree-Nei\u00dfe. In: Arch\u00e4ologie in Berlin und Brandenburg 1998. Stuttgart 1999.<\/span><\/h2>\n<\/li>\n<li>\n<h2><span style=\"color: #333399;\">Gr\u00e4ber und Steinkreise. In: Arch\u00e4ologie in Deutschland. Heft 2\/2000, Stuttgart 2000.<\/span><\/h2>\n<\/li>\n<li>\n<h2><span style=\"color: #333399;\">\u00a0Generationen friedlich vereint. Ein Gr\u00e4berfeld der Lausitzer Kultur bei Briesnig, Landkreis Spree-Nei\u00dfe. In: Arch\u00e4ologie in Berlin und Brandenburg 1999. Stuttgart 2000.<\/span><\/h2>\n<\/li>\n<li>\n<h2><span style=\"color: #333399;\">\u00a0Das Gr\u00e4berfeld der Lausitzer Kultur am Rand der Hornoer Hochfl\u00e4che. In: Ausgrabungen im Niederlausitzer Braunkohlenrevier. Arbeitsberichte zur Bodendenkmalpflege in Brandenburg 6. Pritzen 2000.<\/span><\/h2>\n<\/li>\n<li>\n<h2><span style=\"color: #333399;\">\u00a0Bronzezeitliche Gr\u00e4berfelder zwischen Malxe und Nei\u00dfe. In: Denkmalpflege im Land Brandenburg 1990-2000. Worms 2001.<\/span><\/h2>\n<\/li>\n<li>\n<h2><span style=\"color: #333399;\">\u00a0Zum Abschluss der Ausgrabung des bronzezeitlichen H\u00fcgelgr\u00e4berfeldes Fundplatz Horno 4. In: Ausgrabungen im Niederlausitzer Braunkohlenrevier 2000. Arbeitsberichte zur Bodendenkmalpflege in Brandenburg 8. Calau 2001.<\/span><\/h2>\n<\/li>\n<li>\n<h2><span style=\"color: #808080;\"><span style=\"color: #333399;\">\u00a0K\u00f6hler \u00fcber der Kohle. Ausgrabung von Holzkohlemeilern am<\/span> <span style=\"color: #333399;\">Tagebau J\u00e4nschwalde. In: Ausgrabungen im Niederlausitzer Braunkohlenrevier 2000. Arbeitsberichte zur Bodendenkmalpflege in Brandenburg 8. Calau 2001.<\/span><\/span><\/h2>\n<\/li>\n<li>\n<h2><span style=\"color: #333399;\">Eulos Geschichte freigelegt. Arch\u00e4ologische Funde bei Tiefbauarbeiten vor der Euloer Kirche. In: Forster Wochenblatt 18, 2002.<\/span><\/h2>\n<\/li>\n<li>\n<h2><span style=\"color: #333399;\">Siedlung Jerusalem in Forst\/L. erbaut von Rudolf K\u00fchn. In: Die Unbekannte Moderne. Von Luckenwalde nach L\u00f6bau. Hrsg. L. Scharnholz, Philo Verlagsgesellschaft; September 2004, S. 76-83.<\/span><\/h2>\n<\/li>\n<li>\n<h2><span style=\"color: #333399;\">Der Teller von Eulo, Jahrbuch der Stadt Forst 2005, S. 27-28.<\/span><\/h2>\n<\/li>\n<li>\n<h2><span style=\"color: #333399;\">Dr. Rudolf K\u00fchn, Stadtbaurat von Forst\/L. (erste biografische Darstellung); Jahrbuch der Stadt Forst 2005, S. 187-192.<\/span><\/h2>\n<\/li>\n<li>\n<h2><span style=\"color: #333399;\">Bruno F\u00f6hre. Biographie und Werksverzeichnis. Allgemeine K\u00fcnstlerlexikon Bd. 41, Saur-Verlag 2005.<\/span><\/h2>\n<\/li>\n<li>\n<h2><span style=\"color: #333399;\">Herrmann Frede. Biographie und Werksverzeichnis. Allgemeine K\u00fcnstlerlexikon Bd. 44, Saur-Verlag 2005.<\/span><\/h2>\n<\/li>\n<li>\n<h2><span style=\"color: #333399;\">Das Krematorium von Forst. In: Die Unbekannte Moderne. Von Eberswalde nach Walbrzych. Teil 2, hrsg. L. Scharnholz, Forst 2006, S. 104-113.<\/span><\/h2>\n<\/li>\n<li>\n<h2><span style=\"color: #333399;\">Der Marktplatz von Drebkau. Ergebnisse der Untersuchungen 2004\/05. in: Einsichten. Arch\u00e4ologische Beitr\u00e4ge f\u00fcr den S\u00fcden des Landes Brandenburg. Hrsg. BLDAM, W\u00fcnsdorf 2007.<\/span><\/h2>\n<\/li>\n<li>\n<h2><span style=\"color: #333399;\">Raucher in der Lausitz. Funde von Tabakpfeifen bei arch\u00e4ologischen Ausgrabungen. In: Knasterkopf 19. 2007.<\/span><\/h2>\n<\/li>\n<li>\n<h2><span style=\"color: #333399;\">Unscheinbare Funde \u2013 wichtige Hinweise. Ergebnisse der arch\u00e4ologischen Untersuchungen auf dem Gel\u00e4nde der ehemaligen \u201eAdler-Apotheke\u201c in Forst\/L., Forster Jahrbuch 2008.<\/span><\/h2>\n<\/li>\n<li>\n<h2><span style=\"color: #333399;\">Rudolf K\u00fchn. Biographie und Werksverzeichnis. Allgemeine K\u00fcnstlerlexikon, Saur-Verlag 2014.<\/span><\/h2>\n<\/li>\n<li>\n<h2><span style=\"color: #333399;\">Das Schloss von Drebkau im Jungbrunnen. in:\u00a0<em>NIEDER<\/em>LAUSITZ\u00a0 2017. \u00a0hrsg. J\u00fcrgen Heinrich. CGA-Verlag Cottbus 2016.<\/span><\/h2>\n<\/li>\n<li>\n<h2><span style=\"color: #333399;\">Peitz: Festungsmauern unter G\u00e4rten, Stra\u00dfen und Pl\u00e4tzen. in:\u00a0<em>NIEDER<\/em>LAUSITZ 2018.\u00a0hrsg. J\u00fcrgen Heinrich. CGA-Verlag Cottbus 2017.<\/span><\/h2>\n<\/li>\n<li>\n<h2><span style=\"color: #333399;\">An den Br\u00fchlschen Fundamenten der Stadt Forst.\u00a0in:\u00a0<em>NIEDER<\/em>LAUSITZ 2018.\u00a0hrsg. J\u00fcrgen Heinrich. CGA-Verlag Cottbus 2017.<\/span><\/h2>\n<\/li>\n<li>\n<h2><span style=\"color: #333399;\">Neue arch\u00e4ologische und baugeschichtliche Untersuchungen im Bereich des Eisenh\u00fcttenwerks von Peitz, Landkreis Spree-Nei\u00dfe. in: Einsichten. Arch\u00e4ologische Beitr\u00e4ge f\u00fcr den S\u00fcden des Landes Brandenburg 2012-2014. hrsg. Brandenburgisches Landesamt f\u00fcr Denkmalpflege und Arch\u00e4ologisches Landesmuseum. W\u00fcnsdorf 2018.<\/span><\/h2>\n<\/li>\n<li>\n<h2><span style=\"color: #333399;\">Verlorenes Handwerk der Tabak- und Tabakpfeifenherstellung.\u00a0in: <em>NIEDER<\/em>LAUSITZ 2019.\u00a0hrsg. J\u00fcrgen Heinrich. CGA-Verlag Cottbus 2018.<\/span><\/h2>\n<\/li>\n<li>\n<h2><span style=\"color: #333399;\">\u00c4ltester Burgbrunnen aufgedeckt. Untersuchungen auf dem Festungsgel\u00e4nde on Peitz, Lkw. Spree-Nei\u00dfe. in: Arch\u00e4ologie in Berlin und Brandenburg 2017.\u00a0hrsg. Brandenburgisches Landesamt f\u00fcr Denkmalpflege und Arch\u00e4ologisches Landesmuseum. W\u00fcnsdorf 2019.<\/span><\/h2>\n<\/li>\n<li>\n<h2><span style=\"color: #333399;\">Hugo Jentsch. Ein Quereinsteiger mit Blick f\u00fcr das Besondere. \u00a0 in Zusammenarbeit mit Helga Tucek. \u00a0in: <em>NIEDER<\/em>LAUSITZ zwanzig-zwanzig. hrsg. J\u00fcrgen Heinrich\u00a0\/ Jens Lipsdorf. CGA-Verlag Cottbus 2019.\u00a0<\/span><\/h2>\n<\/li>\n<li>\n<h2><span style=\"color: #333399;\">Als noch die Meiler in Lausitzer W\u00e4ldern rauchten. \u00a0in: <em>NIEDER<\/em>LAUSITZ zwanzig-zwanzig.\u00a0hrsg. J\u00fcrgen Heinrich \/ Jens Lipsdorf. CGA-Verlag Cottbus\u00a02019.<\/span><\/h2>\n<\/li>\n<li>\n<h2><span style=\"color: #333399;\">Was von der Kohle blieb &#8211; die Wallburgen der Lausitzer Slawen. \u00a0 in: <em>NIEDER<\/em>LAUSITZ zwanzig-zwanzig. \u00a0hrsg. J\u00fcrgen Heinrich \/ Jens Lipsdorf. CGA-Verlag Cottbus\u00a02019.<\/span><\/h2>\n<\/li>\n<li>\n<h2><span style=\"color: #333399;\">Die Fragen an die Gr\u00e4ber betreffen unsere eigene Herkunft. Rudolf Virchow \u00a0zum 200. Geburtstag \u00a0in: <em>NIEDER<\/em>LAUSITZ zwanzig-einundzwanzig.\u00a0hrsg. J\u00fcrgen Heinrich \/ Jens Lipsdorf. CGA-Verlag Cottbus\u00a0<span style=\"font-size: revert; font-weight: revert;\">2020.<\/span><\/span><\/h2>\n<\/li>\n<li>\n<h2><span style=\"color: #333399;\">Der Kaiser ist tot &#8211; es lebe der erleuchtete Kaiser. Heinrich \/ Lipsdorf \u00a0in: <em>NIEDER<\/em>LAUSITZ zwanzig-einundzwanzig.\u00a0hrsg. J\u00fcrgen Heinrich \/ Jens Lipsdorf. CGA-Verlag Cottbus\u00a0<span style=\"font-size: revert; font-weight: revert;\">2020.<\/span><\/span><\/h2>\n<\/li>\n<li>\n<h2><span style=\"color: #333399;\">Arch\u00e4ologische Bilanz einer Sommerbaustelle in Sonnewalde. in: <em>NIEDER<\/em>LAUSITZ zwanzig-zweiundzwanzig.\u00a0hrsg. J\u00fcrgen Heinrich \/ Jens Lipsdorf. CGA-Verlag Cottbus\u00a0<span style=\"font-size: revert; font-weight: revert;\">2021.<\/span><\/span><\/h2>\n<\/li>\n<li>\n<h2><span style=\"color: #333399;\">Was man alles finden kann. Die Begegnung mit Hobbyarch\u00e4ologen. in: <em>NIEDER<\/em>LAUSITZ zwanzig-zweiundzwanzig.\u00a0hrsg. J\u00fcrgen Heinrich \/ Jens Lipsdorf. CGA-Verlag Cottbus\u00a0<span style=\"font-size: revert; font-weight: revert;\">2021.<\/span><\/span><\/h2>\n<\/li>\n<li>\n<h2><span style=\"color: #333399;\">Wo man sich noch &#8222;Guten Morgen&#8220; sagt &#8211; Ein Einblick in die Ausgrabungen im Sonnewalder Stadtgebiet des Jahres 2020. in: Sonnewalder Heimatbl\u00e4tter Ausgabe 21. hrsg. Sonnewalde Heimatverein e.V. 2021.<\/span><\/h2>\n<\/li>\n<li>\n<h2><span style=\"color: #333399;\">Zum 200-j\u00e4hrigen Geburtstag von Rudolf Virchow. in: Blickpunkt Arch\u00e4ologie 4\/2021. Berlin \/ M\u00fcnchen 2022.<\/span><\/h2>\n<\/li>\n<li>\n<h2><span style=\"color: #333399;\">Die Slawenburg Raddusch im gestern, Heute und Morgen. Eine Zukunftsvision. in: Cottbuser Bl\u00e4tter. Sonderheft 2021: 3.000 Jahre Lausitzer Industriekultur. Strukturwandel in der Lausitz. hrsg. Steffen Krestin; Cottbus 2022.\u00a0<\/span><\/h2>\n<\/li>\n<li>\n<h2><span style=\"color: #333399;\">Slawenburg: Das wei\u00dfe Pferd zwischen Politik und Magie. in: <i>NIEDER<\/i>LAUSITZ zwanzig-dreiundzwanzig. hrsg. J. Heinrich \/ J. Lipsdorf, CGA-Verlag Cottbus 2022.<\/span><\/h2>\n<\/li>\n<li>\n<h2><span style=\"color: #333399;\"><span style=\"font-size: revert; font-weight: revert;\">in memoriam: Dr. med. G\u00fcnther Scholz, Gyn\u00e4kologe und Geburtshelfer in Forst. in: <\/span><i style=\"font-size: revert; font-weight: revert;\">NIEDER<\/i><span style=\"font-size: revert; font-weight: revert;\">LAUSITZ zwanzig-dreiundzwanzig. hrsg. J. Heinrich \/ J. Lipsdorf, CGA-Cottbus 2022.<\/span><\/span><\/h2>\n<\/li>\n<li>\n<h2><span style=\"color: #000080;\">Zum 200-j\u00e4hrigen Geburtstag von Rudolf Virchow. in: Blickpunkt Arch\u00e4ologie.<span class=\"Apple-converted-space\">\u00a0 <\/span>Fachzeitschrift \u201eDeutschen Verband f\u00fcr Arch\u00e4ologie\u201c 4\/2021. Berlin\/M\u00fcnchen 2022.<\/span><\/h2>\n<\/li>\n<li>\n<h2><span style=\"color: #000080;\">Arch\u00e4ologie im Aufbruch. Vom Ehrenamt zum Gesetzentwurf. Vita eines unerm\u00fcdlichen Forschers: Dr. phil. habil. Karl Heinrich Marschalleck in: <i>NIEDER<\/i>LAUSITZ zwanzig-vierundzwanzig. hrsg. J. Heinrich \/ J. Lipsdorf, Cottbus 2023<\/span><\/h2>\n<\/li>\n<li>\n<h2><span style=\"color: #000080;\">Das alte Schlo\u00df Drebkau &#8211; 2024 neuer Herrschaftssitz. in: <i>NIEDER<\/i>LAUSITZ zwanzig-vierundzwanzig. hrsg. J. Heinrich \/ J. Lipsdorf, Cottbus 2023<\/span><\/h2>\n<\/li>\n<li>\n<h2><span style=\"color: #000080;\">Zwei Jahrzehnte Untersuchungen am Schlo\u00df von Drebkau. Wie sich historische Quellen und arch\u00e4ologische Untersuchungen erg\u00e4nzen. in Niederlausitzer Studien, Heft 47, 2024. hrsg. Niederlausitzer Gesellschaft f\u00fcr Geschichte und Landeskunde e.V.<\/span><\/h2>\n<\/li>\n<li>\n<h2><span style=\"color: #000080;\">Johann Friedrich Carl Gander, Lehrer &amp; Chronist in und um Guben. in: <\/span><span style=\"color: #000080;\"><i>NIEDER<\/i>LAUSITZ zwanzig-f\u00fcnfundzwanzig. hrsg. J. Heinrich \/ J. Lipsdorf, Cottbus 2024<\/span><\/h2>\n<\/li>\n<li>\n<h2><span style=\"color: #000080;\">Nur noch eine Legende: Kubas <em>Restaurant und Ballokal<\/em> in Drebkau. in:<i> NIEDER<\/i>LAUSITZ zwanzig-sechsundzwanzig. hrsg. J. Heinrich \/ J. Lipsdorf, Cottbus 2025<\/span><\/h2>\n<\/li>\n<li>\n<h2>\u00a0<span style=\"color: #000080;\">Gro\u00dfkmehlen &#8211; ein kleines Dorf mit gro\u00dfer Geschichte. in:<i> NIEDER<\/i>LAUSITZ zwanzig-sechsundzwanzig. hrsg. J. Heinrich \/ J. Lipsdorf, Cottbus 2025<\/span><\/h2>\n<\/li>\n<li>\n<h2>\u00a0<span style=\"color: #000080;\">Raddusch und die Slawenburgen in der Niederlausitz. in: Die Mark Brandenburg. Ausgabe 137, Juni 2025. \u00a0<\/span><\/h2>\n<\/li>\n<li>\n<h2><span style=\"color: #000080;\">Rudolf Virchow und die arch\u00e4ologische Entdeckung des Spreewalds. <\/span><span style=\"color: #000080;\">in: Die Mark Brandenburg. Ausgabe 137, Juni 2025.<\/span><\/h2>\n<\/li>\n<li>\n<h2><span style=\"color: #000080; font-size: revert;\">Arch\u00e4ologische Forschungen auf dem Peitzer Festungsgel\u00e4nde. in: Niederlausitzer Studien, Heft 48, 2026. hrsg. Niederlausitzer Gesellschaft f\u00fcr Geschichte und Landeskunde e.V.<\/span><\/h2>\n<\/li>\n<li>\n<h2><span style=\"color: #000080; font-size: revert;\">Arch\u00e4ologische Forschungen auf dem Calauer Marktplatz. in: Niederlausitzer Studien, Heft 48, 2026. hrsg. Niederlausitzer Gesellschaft f\u00fcr Geschichte und Landeskunde e.V.<\/span><\/h2>\n<\/li>\n<\/ul>\n<div class=\"fusion-clearfix\"><\/div><\/div><\/div><div class=\"fusion-clearfix\"><\/div><div class=\"fusion-one-third one_third fusion-layout-column fusion-spacing-yes\" style=\"margin-top:0px;margin-bottom:20px;\"><div class=\"fusion-column-wrapper\"><span class=\"fusion-imageframe imageframe-none imageframe-2 hover-type-none\"> <img decoding=\"async\" src=\"http:\/\/denkmalpflege-lipsdorf.de\/wp-content\/uploads\/2016\/02\/Tinte-neu.jpg\" alt=\"\" class=\"img-responsive\"\/><\/span><div class=\"fusion-clearfix\"><\/div><\/div><\/div><div class=\"fusion-one-third one_third fusion-layout-column fusion-spacing-yes\" style=\"margin-top:0px;margin-bottom:20px;\"><div class=\"fusion-column-wrapper\"><span class=\"fusion-imageframe imageframe-none imageframe-3 hover-type-none\"> <img decoding=\"async\" src=\"http:\/\/denkmalpflege-lipsdorf.de\/wp-content\/uploads\/2016\/02\/Schreibmaschine.jpg\" alt=\"\" class=\"img-responsive\"\/><\/span><div class=\"fusion-clearfix\"><\/div><\/div><\/div><div class=\"fusion-one-third one_third fusion-layout-column fusion-column-last fusion-spacing-yes\" style=\"margin-top:0px;margin-bottom:20px;\"><div class=\"fusion-column-wrapper\"><span class=\"fusion-imageframe imageframe-none imageframe-4 hover-type-none\"> <img decoding=\"async\" src=\"http:\/\/denkmalpflege-lipsdorf.de\/wp-content\/uploads\/2016\/02\/Tastatur.jpg\" alt=\"\" class=\"img-responsive\"\/><\/span><div class=\"fusion-clearfix\"><\/div><\/div><\/div><div class=\"fusion-clearfix\"><\/div>","protected":false},"excerpt":{"rendered":"","protected":false},"author":1,"featured_media":0,"parent":0,"menu_order":3,"comment_status":"closed","ping_status":"closed","template":"","meta":[],"_links":{"self":[{"href":"http:\/\/denkmalpflege-lipsdorf.de\/index.php\/wp-json\/wp\/v2\/pages\/11912"}],"collection":[{"href":"http:\/\/denkmalpflege-lipsdorf.de\/index.php\/wp-json\/wp\/v2\/pages"}],"about":[{"href":"http:\/\/denkmalpflege-lipsdorf.de\/index.php\/wp-json\/wp\/v2\/types\/page"}],"author":[{"embeddable":true,"href":"http:\/\/denkmalpflege-lipsdorf.de\/index.php\/wp-json\/wp\/v2\/users\/1"}],"replies":[{"embeddable":true,"href":"http:\/\/denkmalpflege-lipsdorf.de\/index.php\/wp-json\/wp\/v2\/comments?post=11912"}],"version-history":[{"count":55,"href":"http:\/\/denkmalpflege-lipsdorf.de\/index.php\/wp-json\/wp\/v2\/pages\/11912\/revisions"}],"predecessor-version":[{"id":12340,"href":"http:\/\/denkmalpflege-lipsdorf.de\/index.php\/wp-json\/wp\/v2\/pages\/11912\/revisions\/12340"}],"wp:attachment":[{"href":"http:\/\/denkmalpflege-lipsdorf.de\/index.php\/wp-json\/wp\/v2\/media?parent=11912"}],"curies":[{"name":"wp","href":"https:\/\/api.w.org\/{rel}","templated":true}]}}