{"id":10709,"date":"2015-11-19T15:14:03","date_gmt":"2015-11-19T14:14:03","guid":{"rendered":"http:\/\/theme-fusion.com\/avadaxml\/?page_id=10709"},"modified":"2026-02-14T12:50:39","modified_gmt":"2026-02-14T11:50:39","slug":"home-3","status":"publish","type":"page","link":"http:\/\/denkmalpflege-lipsdorf.de\/","title":{"rendered":"Start"},"content":{"rendered":"<div class=\"fusion-one-full fusion-layout-column fusion-column-last fusion-spacing-yes\" style=\"margin-top:0px;margin-bottom:20px;\"><div class=\"fusion-column-wrapper\"><div class=\"fusion-clearfix\"><\/div><\/div><\/div><div class=\"fusion-clearfix\"><\/div><div class=\"fusion-two-fifth fusion-layout-column fusion-spacing-yes\" style=\"margin-top:0px;margin-bottom:20px;\"><div class=\"fusion-column-wrapper\"><span class=\"fusion-imageframe imageframe-none imageframe-1 hover-type-none\"> <img decoding=\"async\" src=\"http:\/\/denkmalpflege-lipsdorf.de\/wp-content\/uploads\/2016\/02\/SPUREN.jpg\" alt=\"\" class=\"img-responsive\"\/><\/span><div class=\"fusion-clearfix\"><\/div><\/div><\/div><div class=\"fusion-one-half fusion-layout-column fusion-column-last fusion-spacing-yes\" style=\"margin-top:0px;margin-bottom:20px;\"><div class=\"fusion-column-wrapper\"><h1 style=\"text-align: left;\"><\/h1>\n<h2><\/h2>\n<h2 style=\"padding-left: 30px;\"><span style=\"color: #000000;\"><span style=\"color: #808080;\"><span style=\"color: #333399;\">Das<\/span> \u00a0 \u00a0 \u00a0 \u00a0 \u00a0<span style=\"color: #666699;\"><em>B\u00fcro f\u00fcr Arch\u00e4ologie und Baudenkmalpflege Lipsdorf<\/em><\/span>\u00a0<\/span><\/span><\/h2>\n<h2 style=\"padding-left: 30px;\"><span style=\"color: #333399;\">steht Ihnen bei\u00a0allen Belangen der Denkmalpflege zur Seite. Egal ob arch\u00e4ologische Baubegleitung, Bauaufnahmen, Restauratorische Untersuchungen, Entwicklung von Nutzungskonzepten f\u00fcr historische Geb\u00e4ude, Beratungen zu Denkmalrecht und denkmalrechtlichen Auflagen etc. <\/span><\/h2>\n<h2 style=\"padding-left: 30px;\"><span style=\"color: #333399;\">Durch eine\u00a0Vielzahl von Kooperationen in Wissenschaft, Handwerk und Wirtschaft\u00a0k\u00f6nnen wir ein breites Spektrum der angewandten Denkmalpflege anbieten. Dies immer im Sinne des Denkmals und des Auftraggebers sowie unter Beachtung geltenden Denkmalrechts.<\/span><\/h2>\n<h2 style=\"padding-left: 30px;\"><span style=\"color: #333399;\">Das Arbeitsgebiet umfasst vorrangig Brandenburg, Berlin und Sachsen. <\/span><\/h2>\n<h2 style=\"padding-left: 30px;\"><span style=\"color: #333399;\">Wir freuen uns auf Ihre Anfragen!<\/span><\/h2>\n<h2 style=\"padding-left: 30px;\"><span style=\"color: #808080;\">\u00a0<\/span><\/h2>\n<div class=\"fusion-clearfix\"><\/div><\/div><\/div><div class=\"fusion-clearfix\"><\/div><div class=\"fusion-one-full fusion-layout-column fusion-column-last fusion-spacing-yes\" style=\"margin-top:0px;margin-bottom:20px;\"><div class=\"fusion-column-wrapper\"><div class=\"fusion-clearfix\"><\/div><\/div><\/div><div class=\"fusion-clearfix\"><\/div>","protected":false},"excerpt":{"rendered":"","protected":false},"author":1,"featured_media":0,"parent":0,"menu_order":1,"comment_status":"closed","ping_status":"closed","template":"100-width.php","meta":[],"_links":{"self":[{"href":"http:\/\/denkmalpflege-lipsdorf.de\/index.php\/wp-json\/wp\/v2\/pages\/10709"}],"collection":[{"href":"http:\/\/denkmalpflege-lipsdorf.de\/index.php\/wp-json\/wp\/v2\/pages"}],"about":[{"href":"http:\/\/denkmalpflege-lipsdorf.de\/index.php\/wp-json\/wp\/v2\/types\/page"}],"author":[{"embeddable":true,"href":"http:\/\/denkmalpflege-lipsdorf.de\/index.php\/wp-json\/wp\/v2\/users\/1"}],"replies":[{"embeddable":true,"href":"http:\/\/denkmalpflege-lipsdorf.de\/index.php\/wp-json\/wp\/v2\/comments?post=10709"}],"version-history":[{"count":43,"href":"http:\/\/denkmalpflege-lipsdorf.de\/index.php\/wp-json\/wp\/v2\/pages\/10709\/revisions"}],"predecessor-version":[{"id":12341,"href":"http:\/\/denkmalpflege-lipsdorf.de\/index.php\/wp-json\/wp\/v2\/pages\/10709\/revisions\/12341"}],"wp:attachment":[{"href":"http:\/\/denkmalpflege-lipsdorf.de\/index.php\/wp-json\/wp\/v2\/media?parent=10709"}],"curies":[{"name":"wp","href":"https:\/\/api.w.org\/{rel}","templated":true}]}}